{"id":251,"date":"2018-02-02T18:23:37","date_gmt":"2018-02-02T18:23:37","guid":{"rendered":"http:\/\/barrioscomputacion.com.ar\/bejerman\/?page_id=251"},"modified":"2024-04-18T14:21:28","modified_gmt":"2024-04-18T14:21:28","slug":"soluciones","status":"publish","type":"page","link":"https:\/\/bejerman.barrioscomputacion.com.ar\/?page_id=251","title":{"rendered":"Soluciones"},"content":{"rendered":"\t\t<div data-elementor-type=\"wp-page\" data-elementor-id=\"251\" class=\"elementor elementor-251\" data-elementor-post-type=\"page\">\n\t\t\t\t\t\t<section class=\"elementor-section elementor-top-section elementor-element elementor-element-f5v0176 elementor-section-boxed elementor-section-height-default elementor-section-height-default\" data-id=\"f5v0176\" data-element_type=\"section\" data-e-type=\"section\" data-settings=\"{&quot;background_background&quot;:&quot;classic&quot;}\">\n\t\t\t\t\t\t\t<div class=\"elementor-background-overlay\"><\/div>\n\t\t\t\t\t\t\t<div class=\"elementor-container elementor-column-gap-default\">\n\t\t\t\t\t<div class=\"elementor-column elementor-col-100 elementor-top-column elementor-element elementor-element-78af2ff\" data-id=\"78af2ff\" data-element_type=\"column\" data-e-type=\"column\">\n\t\t\t<div class=\"elementor-widget-wrap elementor-element-populated\">\n\t\t\t\t\t\t<div class=\"elementor-element elementor-element-58ba8f4 elementor-widget elementor-widget-heading\" data-id=\"58ba8f4\" data-element_type=\"widget\" data-e-type=\"widget\" data-widget_type=\"heading.default\">\n\t\t\t\t<div class=\"elementor-widget-container\">\n\t\t\t\t\t<h1 class=\"elementor-heading-title elementor-size-default\">Soluciones<\/h1>\t\t\t\t<\/div>\n\t\t\t\t<\/div>\n\t\t\t\t<div class=\"elementor-element elementor-element-97cc7d6 elementor-widget elementor-widget-text-editor\" data-id=\"97cc7d6\" data-element_type=\"widget\" data-e-type=\"widget\" data-widget_type=\"text-editor.default\">\n\t\t\t\t<div class=\"elementor-widget-container\">\n\t\t\t\t\t\t\t\t\t<div class=\"wpb_text_column wpb_content_element wpb_animate_when_almost_visible wpb_slideInRight slideInRight animated wpb_start_animation\"><div class=\"wpb_wrapper\"><p class=\"justificado\">Soluciones tecnol\u00f3gicas para que los desarrollos en tu lugar de trabajo sean simplificados, y as\u00ed, obtener mejores resultados.<\/p><\/div><\/div><div class=\"wpb_text_column wpb_content_element wpb_animate_when_almost_visible wpb_slideInLeft slideInLeft animated wpb_start_animation\"><div class=\"wpb_wrapper\"><p class=\"justificado\">Te ayudamos a potencializar las capacidades con las que ya cuenta tu negocio, generando un mayor valor para tu estaci\u00f3n de servicio.<\/p><\/div><\/div>\t\t\t\t\t\t\t\t<\/div>\n\t\t\t\t<\/div>\n\t\t\t\t<div class=\"elementor-element elementor-element-99080cf elementor-align-center elementor-widget elementor-widget-button\" data-id=\"99080cf\" data-element_type=\"widget\" data-e-type=\"widget\" data-widget_type=\"button.default\">\n\t\t\t\t<div class=\"elementor-widget-container\">\n\t\t\t\t\t\t\t\t\t<div class=\"elementor-button-wrapper\">\n\t\t\t\t\t<a class=\"elementor-button elementor-button-link elementor-size-sm elementor-animation-shrink\" href=\"https:\/\/bejerman.barrioscomputacion.com.ar\/?page_id=190\" target=\"_blank\">\n\t\t\t\t\t\t<span class=\"elementor-button-content-wrapper\">\n\t\t\t\t\t\t\t\t\t<span class=\"elementor-button-text\">Quiero m\u00e1s informaci\u00f3n<\/span>\n\t\t\t\t\t<\/span>\n\t\t\t\t\t<\/a>\n\t\t\t\t<\/div>\n\t\t\t\t\t\t\t\t<\/div>\n\t\t\t\t<\/div>\n\t\t\t\t\t<\/div>\n\t\t<\/div>\n\t\t\t\t\t<\/div>\n\t\t<\/section>\n\t\t\t\t<section class=\"elementor-section elementor-top-section elementor-element elementor-element-04217f4 elementor-section-boxed elementor-section-height-default elementor-section-height-default\" data-id=\"04217f4\" data-element_type=\"section\" data-e-type=\"section\">\n\t\t\t\t\t\t<div class=\"elementor-container elementor-column-gap-default\">\n\t\t\t\t\t<div class=\"elementor-column elementor-col-100 elementor-top-column elementor-element elementor-element-369a53b\" data-id=\"369a53b\" data-element_type=\"column\" data-e-type=\"column\">\n\t\t\t<div class=\"elementor-widget-wrap elementor-element-populated\">\n\t\t\t\t\t\t<div class=\"elementor-element elementor-element-a3e043a elementor-widget elementor-widget-heading\" data-id=\"a3e043a\" data-element_type=\"widget\" data-e-type=\"widget\" data-widget_type=\"heading.default\">\n\t\t\t\t<div class=\"elementor-widget-container\">\n\t\t\t\t\t<h2 class=\"elementor-heading-title elementor-size-medium\">Nuestas Soluciones<\/h2>\t\t\t\t<\/div>\n\t\t\t\t<\/div>\n\t\t\t\t\t<\/div>\n\t\t<\/div>\n\t\t\t\t\t<\/div>\n\t\t<\/section>\n\t\t\t\t<section class=\"elementor-section elementor-top-section elementor-element elementor-element-c6a21ec elementor-section-boxed elementor-section-height-default elementor-section-height-default\" data-id=\"c6a21ec\" data-element_type=\"section\" data-e-type=\"section\">\n\t\t\t\t\t\t<div class=\"elementor-container elementor-column-gap-default\">\n\t\t\t\t\t<div class=\"elementor-column elementor-col-50 elementor-top-column elementor-element elementor-element-b5fff3c\" data-id=\"b5fff3c\" data-element_type=\"column\" data-e-type=\"column\" data-settings=\"{&quot;background_background&quot;:&quot;classic&quot;}\">\n\t\t\t<div class=\"elementor-widget-wrap elementor-element-populated\">\n\t\t\t\t\t\t<div class=\"elementor-element elementor-element-78478db elementor-widget elementor-widget-heading\" data-id=\"78478db\" data-element_type=\"widget\" data-e-type=\"widget\" data-widget_type=\"heading.default\">\n\t\t\t\t<div class=\"elementor-widget-container\">\n\t\t\t\t\t<h3 class=\"elementor-heading-title elementor-size-default\"><a href=\"\">Soluciones para Contadores<\/a><\/h3>\t\t\t\t<\/div>\n\t\t\t\t<\/div>\n\t\t\t\t<div class=\"elementor-element elementor-element-caedec0 elementor-widget elementor-widget-image\" data-id=\"caedec0\" data-element_type=\"widget\" data-e-type=\"widget\" data-widget_type=\"image.default\">\n\t\t\t\t<div class=\"elementor-widget-container\">\n\t\t\t\t\t\t\t\t\t\t\t\t\t\t\t<img fetchpriority=\"high\" decoding=\"async\" data-attachment-id=\"3134\" data-permalink=\"https:\/\/bejerman.barrioscomputacion.com.ar\/?attachment_id=3134\" data-orig-file=\"https:\/\/i0.wp.com\/bejerman.barrioscomputacion.com.ar\/wp-content\/uploads\/2023\/05\/GCS_0038-scaled.jpg?fit=2560%2C1678&amp;ssl=1\" data-orig-size=\"2560,1678\" data-comments-opened=\"1\" data-image-meta=\"{&quot;aperture&quot;:&quot;0&quot;,&quot;credit&quot;:&quot;&quot;,&quot;camera&quot;:&quot;&quot;,&quot;caption&quot;:&quot;&quot;,&quot;created_timestamp&quot;:&quot;1395765642&quot;,&quot;copyright&quot;:&quot;&quot;,&quot;focal_length&quot;:&quot;0&quot;,&quot;iso&quot;:&quot;0&quot;,&quot;shutter_speed&quot;:&quot;0&quot;,&quot;title&quot;:&quot;&quot;,&quot;orientation&quot;:&quot;1&quot;}\" data-image-title=\"GCS_0038\" data-image-description=\"\" data-image-caption=\"\" data-medium-file=\"https:\/\/i0.wp.com\/bejerman.barrioscomputacion.com.ar\/wp-content\/uploads\/2023\/05\/GCS_0038-scaled.jpg?fit=300%2C197&amp;ssl=1\" data-large-file=\"https:\/\/i0.wp.com\/bejerman.barrioscomputacion.com.ar\/wp-content\/uploads\/2023\/05\/GCS_0038-scaled.jpg?fit=1024%2C671&amp;ssl=1\" width=\"480\" height=\"250\" src=\"https:\/\/i0.wp.com\/bejerman.barrioscomputacion.com.ar\/wp-content\/uploads\/2023\/05\/GCS_0038-scaled.jpg?resize=480%2C250&amp;ssl=1\" class=\"elementor-animation-grow attachment-bm-post-medium size-bm-post-medium wp-image-3134\" alt=\"\" srcset=\"https:\/\/i0.wp.com\/bejerman.barrioscomputacion.com.ar\/wp-content\/uploads\/2023\/05\/GCS_0038-scaled.jpg?resize=480%2C250&amp;ssl=1 480w, https:\/\/i0.wp.com\/bejerman.barrioscomputacion.com.ar\/wp-content\/uploads\/2023\/05\/GCS_0038-scaled.jpg?zoom=2&amp;resize=480%2C250&amp;ssl=1 960w, https:\/\/i0.wp.com\/bejerman.barrioscomputacion.com.ar\/wp-content\/uploads\/2023\/05\/GCS_0038-scaled.jpg?zoom=3&amp;resize=480%2C250&amp;ssl=1 1440w\" sizes=\"(max-width: 480px) 100vw, 480px\" data-attachment-id=\"3134\" data-permalink=\"https:\/\/bejerman.barrioscomputacion.com.ar\/?attachment_id=3134\" data-orig-file=\"https:\/\/i0.wp.com\/bejerman.barrioscomputacion.com.ar\/wp-content\/uploads\/2023\/05\/GCS_0038-scaled.jpg?fit=2560%2C1678&amp;ssl=1\" data-orig-size=\"2560,1678\" data-comments-opened=\"1\" data-image-meta=\"{&quot;aperture&quot;:&quot;0&quot;,&quot;credit&quot;:&quot;&quot;,&quot;camera&quot;:&quot;&quot;,&quot;caption&quot;:&quot;&quot;,&quot;created_timestamp&quot;:&quot;1395765642&quot;,&quot;copyright&quot;:&quot;&quot;,&quot;focal_length&quot;:&quot;0&quot;,&quot;iso&quot;:&quot;0&quot;,&quot;shutter_speed&quot;:&quot;0&quot;,&quot;title&quot;:&quot;&quot;,&quot;orientation&quot;:&quot;1&quot;}\" data-image-title=\"GCS_0038\" data-image-description=\"\" data-image-caption=\"\" data-medium-file=\"https:\/\/i0.wp.com\/bejerman.barrioscomputacion.com.ar\/wp-content\/uploads\/2023\/05\/GCS_0038-scaled.jpg?fit=300%2C197&amp;ssl=1\" data-large-file=\"https:\/\/i0.wp.com\/bejerman.barrioscomputacion.com.ar\/wp-content\/uploads\/2023\/05\/GCS_0038-scaled.jpg?fit=1024%2C671&amp;ssl=1\" \/>\t\t\t\t\t\t\t\t\t\t\t\t\t\t\t<\/div>\n\t\t\t\t<\/div>\n\t\t\t\t<div class=\"elementor-element elementor-element-e2323ea elementor-widget elementor-widget-text-editor\" data-id=\"e2323ea\" data-element_type=\"widget\" data-e-type=\"widget\" data-widget_type=\"text-editor.default\">\n\t\t\t\t<div class=\"elementor-widget-container\">\n\t\t\t\t\t\t\t\t\t<p>La soluci\u00f3n integral online para contadores que potencia la gesti\u00f3n contable, tributaria y laboral, automatiza tareas y optimiza la colaboraci\u00f3n con los clientes.\u00a0<\/p>\t\t\t\t\t\t\t\t<\/div>\n\t\t\t\t<\/div>\n\t\t\t\t<div class=\"elementor-element elementor-element-c3df8dd elementor-align-center elementor-widget elementor-widget-button\" data-id=\"c3df8dd\" data-element_type=\"widget\" data-e-type=\"widget\" data-widget_type=\"button.default\">\n\t\t\t\t<div class=\"elementor-widget-container\">\n\t\t\t\t\t\t\t\t\t<div class=\"elementor-button-wrapper\">\n\t\t\t\t\t<a class=\"elementor-button elementor-button-link elementor-size-sm elementor-animation-shrink\" href=\"https:\/\/bejerman.barrioscomputacion.com.ar\/?page_id=242\" target=\"_blank\">\n\t\t\t\t\t\t<span class=\"elementor-button-content-wrapper\">\n\t\t\t\t\t\t\t\t\t<span class=\"elementor-button-text\">M\u00e1s Informaci\u00f3n<\/span>\n\t\t\t\t\t<\/span>\n\t\t\t\t\t<\/a>\n\t\t\t\t<\/div>\n\t\t\t\t\t\t\t\t<\/div>\n\t\t\t\t<\/div>\n\t\t\t\t\t<\/div>\n\t\t<\/div>\n\t\t\t\t<div class=\"elementor-column elementor-col-50 elementor-top-column elementor-element elementor-element-561c189\" data-id=\"561c189\" data-element_type=\"column\" data-e-type=\"column\" data-settings=\"{&quot;background_background&quot;:&quot;classic&quot;}\">\n\t\t\t<div class=\"elementor-widget-wrap elementor-element-populated\">\n\t\t\t\t\t\t<div class=\"elementor-element elementor-element-ecfecb1 elementor-widget elementor-widget-heading\" data-id=\"ecfecb1\" data-element_type=\"widget\" data-e-type=\"widget\" data-widget_type=\"heading.default\">\n\t\t\t\t<div class=\"elementor-widget-container\">\n\t\t\t\t\t<h3 class=\"elementor-heading-title elementor-size-default\">Soluciones para Empresas<\/h3>\t\t\t\t<\/div>\n\t\t\t\t<\/div>\n\t\t\t\t<div class=\"elementor-element elementor-element-f1ea549 elementor-widget elementor-widget-image\" data-id=\"f1ea549\" data-element_type=\"widget\" data-e-type=\"widget\" data-widget_type=\"image.default\">\n\t\t\t\t<div class=\"elementor-widget-container\">\n\t\t\t\t\t\t\t\t\t\t\t\t\t\t\t<img decoding=\"async\" data-attachment-id=\"3133\" data-permalink=\"https:\/\/bejerman.barrioscomputacion.com.ar\/?attachment_id=3133\" data-orig-file=\"https:\/\/i0.wp.com\/bejerman.barrioscomputacion.com.ar\/wp-content\/uploads\/2023\/05\/RTXX3GO-scaled.jpg?fit=2560%2C1706&amp;ssl=1\" data-orig-size=\"2560,1706\" data-comments-opened=\"1\" data-image-meta=\"{&quot;aperture&quot;:&quot;0&quot;,&quot;credit&quot;:&quot;REUTERS&quot;,&quot;camera&quot;:&quot;&quot;,&quot;caption&quot;:&quot;Buildings of the Jianwai SOHO residential and commercial complex are pictured in Beijing, January 26, 2011. Major commercial property developer SOHO China expects contract sales to grow by a slower pace this year as it holds on to more real estate for leasing, its chief executive said on Wednesday. REUTERS\/Jason Lee(CHINA - Tags: BUSINESS)&quot;,&quot;created_timestamp&quot;:&quot;1296045023&quot;,&quot;copyright&quot;:&quot;&quot;,&quot;focal_length&quot;:&quot;0&quot;,&quot;iso&quot;:&quot;0&quot;,&quot;shutter_speed&quot;:&quot;0&quot;,&quot;title&quot;:&quot;Buildings of the Jianwai SOHO residential and commercial complex are pictured in Beijing&quot;,&quot;orientation&quot;:&quot;1&quot;}\" data-image-title=\"Buildings of the Jianwai SOHO residential and commercial complex are pictured in Beijing\" data-image-description=\"\" data-image-caption=\"&lt;p&gt;Buildings of the Jianwai SOHO residential and commercial complex are pictured in Beijing, January 26, 2011. Major commercial property developer SOHO China expects contract sales to grow by a slower pace this year as it holds on to more real estate for leasing, its chief executive said on Wednesday. REUTERS\/Jason Lee(CHINA &amp;#8211; Tags: BUSINESS)&lt;\/p&gt;\n\" data-medium-file=\"https:\/\/i0.wp.com\/bejerman.barrioscomputacion.com.ar\/wp-content\/uploads\/2023\/05\/RTXX3GO-scaled.jpg?fit=300%2C200&amp;ssl=1\" data-large-file=\"https:\/\/i0.wp.com\/bejerman.barrioscomputacion.com.ar\/wp-content\/uploads\/2023\/05\/RTXX3GO-scaled.jpg?fit=1024%2C683&amp;ssl=1\" width=\"480\" height=\"250\" src=\"https:\/\/i0.wp.com\/bejerman.barrioscomputacion.com.ar\/wp-content\/uploads\/2023\/05\/RTXX3GO-scaled.jpg?resize=480%2C250&amp;ssl=1\" class=\"elementor-animation-grow attachment-bm-post-medium size-bm-post-medium wp-image-3133\" alt=\"\" srcset=\"https:\/\/i0.wp.com\/bejerman.barrioscomputacion.com.ar\/wp-content\/uploads\/2023\/05\/RTXX3GO-scaled.jpg?resize=480%2C250&amp;ssl=1 480w, https:\/\/i0.wp.com\/bejerman.barrioscomputacion.com.ar\/wp-content\/uploads\/2023\/05\/RTXX3GO-scaled.jpg?zoom=2&amp;resize=480%2C250&amp;ssl=1 960w, https:\/\/i0.wp.com\/bejerman.barrioscomputacion.com.ar\/wp-content\/uploads\/2023\/05\/RTXX3GO-scaled.jpg?zoom=3&amp;resize=480%2C250&amp;ssl=1 1440w\" sizes=\"(max-width: 480px) 100vw, 480px\" data-attachment-id=\"3133\" data-permalink=\"https:\/\/bejerman.barrioscomputacion.com.ar\/?attachment_id=3133\" data-orig-file=\"https:\/\/i0.wp.com\/bejerman.barrioscomputacion.com.ar\/wp-content\/uploads\/2023\/05\/RTXX3GO-scaled.jpg?fit=2560%2C1706&amp;ssl=1\" data-orig-size=\"2560,1706\" data-comments-opened=\"1\" data-image-meta=\"{&quot;aperture&quot;:&quot;0&quot;,&quot;credit&quot;:&quot;REUTERS&quot;,&quot;camera&quot;:&quot;&quot;,&quot;caption&quot;:&quot;Buildings of the Jianwai SOHO residential and commercial complex are pictured in Beijing, January 26, 2011. Major commercial property developer SOHO China expects contract sales to grow by a slower pace this year as it holds on to more real estate for leasing, its chief executive said on Wednesday. REUTERS\/Jason Lee(CHINA - Tags: BUSINESS)&quot;,&quot;created_timestamp&quot;:&quot;1296045023&quot;,&quot;copyright&quot;:&quot;&quot;,&quot;focal_length&quot;:&quot;0&quot;,&quot;iso&quot;:&quot;0&quot;,&quot;shutter_speed&quot;:&quot;0&quot;,&quot;title&quot;:&quot;Buildings of the Jianwai SOHO residential and commercial complex are pictured in Beijing&quot;,&quot;orientation&quot;:&quot;1&quot;}\" data-image-title=\"Buildings of the Jianwai SOHO residential and commercial complex are pictured in Beijing\" data-image-description=\"\" data-image-caption=\"&lt;p&gt;Buildings of the Jianwai SOHO residential and commercial complex are pictured in Beijing, January 26, 2011. Major commercial property developer SOHO China expects contract sales to grow by a slower pace this year as it holds on to more real estate for leasing, its chief executive said on Wednesday. REUTERS\/Jason Lee(CHINA &amp;#8211; Tags: BUSINESS)&lt;\/p&gt;\n\" data-medium-file=\"https:\/\/i0.wp.com\/bejerman.barrioscomputacion.com.ar\/wp-content\/uploads\/2023\/05\/RTXX3GO-scaled.jpg?fit=300%2C200&amp;ssl=1\" data-large-file=\"https:\/\/i0.wp.com\/bejerman.barrioscomputacion.com.ar\/wp-content\/uploads\/2023\/05\/RTXX3GO-scaled.jpg?fit=1024%2C683&amp;ssl=1\" \/>\t\t\t\t\t\t\t\t\t\t\t\t\t\t\t<\/div>\n\t\t\t\t<\/div>\n\t\t\t\t<div class=\"elementor-element elementor-element-a92d6b6 elementor-widget elementor-widget-text-editor\" data-id=\"a92d6b6\" data-element_type=\"widget\" data-e-type=\"widget\" data-widget_type=\"text-editor.default\">\n\t\t\t\t<div class=\"elementor-widget-container\">\n\t\t\t\t\t\t\t\t\t<p>Es fundamental contar con la informaci\u00f3n necesaria y precisa en el momento justo y lograr que los datos obtenidos en cada uno de los procesos sean las herramientas necesarias para la correcta toma de decisiones.<\/p>\t\t\t\t\t\t\t\t<\/div>\n\t\t\t\t<\/div>\n\t\t\t\t<div class=\"elementor-element elementor-element-c5a7f33 elementor-align-center elementor-widget elementor-widget-button\" data-id=\"c5a7f33\" data-element_type=\"widget\" data-e-type=\"widget\" data-widget_type=\"button.default\">\n\t\t\t\t<div class=\"elementor-widget-container\">\n\t\t\t\t\t\t\t\t\t<div class=\"elementor-button-wrapper\">\n\t\t\t\t\t<a class=\"elementor-button elementor-button-link elementor-size-sm elementor-animation-shrink\" href=\"https:\/\/bejerman.barrioscomputacion.com.ar\/?page_id=232\" target=\"_blank\">\n\t\t\t\t\t\t<span class=\"elementor-button-content-wrapper\">\n\t\t\t\t\t\t\t\t\t<span class=\"elementor-button-text\">M\u00e1s Informaci\u00f3n<\/span>\n\t\t\t\t\t<\/span>\n\t\t\t\t\t<\/a>\n\t\t\t\t<\/div>\n\t\t\t\t\t\t\t\t<\/div>\n\t\t\t\t<\/div>\n\t\t\t\t\t<\/div>\n\t\t<\/div>\n\t\t\t\t\t<\/div>\n\t\t<\/section>\n\t\t\t\t<\/div>\n\t\t","protected":false},"excerpt":{"rendered":"<p>Soluciones Soluciones tecnol\u00f3gicas para que los desarrollos en tu lugar de trabajo sean simplificados, y as\u00ed, obtener mejores resultados. Te ayudamos a potencializar las capacidades con las que ya cuenta tu negocio, generando un mayor valor para tu estaci\u00f3n de servicio. Quiero m\u00e1s informaci\u00f3n Nuestas Soluciones Soluciones para Contadores La soluci\u00f3n integral online para contadores [&hellip;]<\/p>\n","protected":false},"author":1,"featured_media":0,"parent":0,"menu_order":0,"comment_status":"closed","ping_status":"closed","template":"elementor_header_footer","meta":{"site-sidebar-layout":"no-sidebar","site-content-layout":"page-builder","ast-site-content-layout":"default","site-content-style":"default","site-sidebar-style":"default","ast-global-header-display":"","ast-banner-title-visibility":"","ast-main-header-display":"","ast-hfb-above-header-display":"","ast-hfb-below-header-display":"","ast-hfb-mobile-header-display":"","site-post-title":"disabled","ast-breadcrumbs-content":"","ast-featured-img":"disabled","footer-sml-layout":"","ast-disable-related-posts":"","theme-transparent-header-meta":"","adv-header-id-meta":"","stick-header-meta":"","header-above-stick-meta":"","header-main-stick-meta":"","header-below-stick-meta":"","astra-migrate-meta-layouts":"default","ast-page-background-enabled":"default","ast-page-background-meta":{"desktop":{"background-color":"var(--ast-global-color-4)","background-image":"","background-repeat":"repeat","background-position":"center center","background-size":"auto","background-attachment":"scroll","background-type":"","background-media":"","overlay-type":"","overlay-color":"","overlay-opacity":"","overlay-gradient":""},"tablet":{"background-color":"","background-image":"","background-repeat":"repeat","background-position":"center center","background-size":"auto","background-attachment":"scroll","background-type":"","background-media":"","overlay-type":"","overlay-color":"","overlay-opacity":"","overlay-gradient":""},"mobile":{"background-color":"","background-image":"","background-repeat":"repeat","background-position":"center center","background-size":"auto","background-attachment":"scroll","background-type":"","background-media":"","overlay-type":"","overlay-color":"","overlay-opacity":"","overlay-gradient":""}},"ast-content-background-meta":{"desktop":{"background-color":"var(--ast-global-color-5)","background-image":"","background-repeat":"repeat","background-position":"center center","background-size":"auto","background-attachment":"scroll","background-type":"","background-media":"","overlay-type":"","overlay-color":"","overlay-opacity":"","overlay-gradient":""},"tablet":{"background-color":"var(--ast-global-color-5)","background-image":"","background-repeat":"repeat","background-position":"center center","background-size":"auto","background-attachment":"scroll","background-type":"","background-media":"","overlay-type":"","overlay-color":"","overlay-opacity":"","overlay-gradient":""},"mobile":{"background-color":"var(--ast-global-color-5)","background-image":"","background-repeat":"repeat","background-position":"center center","background-size":"auto","background-attachment":"scroll","background-type":"","background-media":"","overlay-type":"","overlay-color":"","overlay-opacity":"","overlay-gradient":""}},"_joinchat":[],"footnotes":""},"class_list":["post-251","page","type-page","status-publish","hentry"],"jetpack_sharing_enabled":true,"jetpack_shortlink":"https:\/\/wp.me\/Pe42eO-43","jetpack_likes_enabled":true,"jetpack-related-posts":[],"_links":{"self":[{"href":"https:\/\/bejerman.barrioscomputacion.com.ar\/index.php?rest_route=\/wp\/v2\/pages\/251","targetHints":{"allow":["GET"]}}],"collection":[{"href":"https:\/\/bejerman.barrioscomputacion.com.ar\/index.php?rest_route=\/wp\/v2\/pages"}],"about":[{"href":"https:\/\/bejerman.barrioscomputacion.com.ar\/index.php?rest_route=\/wp\/v2\/types\/page"}],"author":[{"embeddable":true,"href":"https:\/\/bejerman.barrioscomputacion.com.ar\/index.php?rest_route=\/wp\/v2\/users\/1"}],"replies":[{"embeddable":true,"href":"https:\/\/bejerman.barrioscomputacion.com.ar\/index.php?rest_route=%2Fwp%2Fv2%2Fcomments&post=251"}],"version-history":[{"count":45,"href":"https:\/\/bejerman.barrioscomputacion.com.ar\/index.php?rest_route=\/wp\/v2\/pages\/251\/revisions"}],"predecessor-version":[{"id":3551,"href":"https:\/\/bejerman.barrioscomputacion.com.ar\/index.php?rest_route=\/wp\/v2\/pages\/251\/revisions\/3551"}],"wp:attachment":[{"href":"https:\/\/bejerman.barrioscomputacion.com.ar\/index.php?rest_route=%2Fwp%2Fv2%2Fmedia&parent=251"}],"curies":[{"name":"wp","href":"https:\/\/api.w.org\/{rel}","templated":true}]}}