{"id":2432,"date":"2021-11-23T14:57:53","date_gmt":"2021-11-23T14:57:53","guid":{"rendered":"https:\/\/barrioscomputacion.com.ar\/bejerman\/?page_id=2432"},"modified":"2024-04-18T14:13:53","modified_gmt":"2024-04-18T14:13:53","slug":"novedades-2","status":"publish","type":"page","link":"https:\/\/bejerman.barrioscomputacion.com.ar\/?page_id=2432","title":{"rendered":"Novedades"},"content":{"rendered":"\t\t<div data-elementor-type=\"wp-page\" data-elementor-id=\"2432\" class=\"elementor elementor-2432\" data-elementor-post-type=\"page\">\n\t\t\t\t\t\t<section class=\"elementor-section elementor-top-section elementor-element elementor-element-0a06dec elementor-section-stretched elementor-section-boxed elementor-section-height-default elementor-section-height-default\" data-id=\"0a06dec\" data-element_type=\"section\" data-e-type=\"section\" data-settings=\"{&quot;stretch_section&quot;:&quot;section-stretched&quot;}\">\n\t\t\t\t\t\t<div class=\"elementor-container elementor-column-gap-default\">\n\t\t\t\t\t<div class=\"elementor-column elementor-col-100 elementor-top-column elementor-element elementor-element-0c11b5a\" data-id=\"0c11b5a\" data-element_type=\"column\" data-e-type=\"column\">\n\t\t\t<div class=\"elementor-widget-wrap elementor-element-populated\">\n\t\t\t\t\t\t<div class=\"elementor-element elementor-element-8383ed0 elementor-widget elementor-widget-blogmentor_blog_posts\" data-id=\"8383ed0\" data-element_type=\"widget\" data-e-type=\"widget\" data-widget_type=\"blogmentor_blog_posts.default\">\n\t\t\t\t<div class=\"elementor-widget-container\">\n\t\t\t\t\t\t\t\n\t\t\t\t\t<div class=\"upl-main\">\n\t\t<div class=\"upl-container\">\n\t\t\t\t\t\t\t<div class=\"upl-left-section bm_content_box\">\n\t\t\t\t\t\t\t\t<div class=\"bm-post-image clearfix bm-hover-effect bm-hover-effect-blur\">\n\t\t\t\t\t<div class=\"upl-image\" style=\"background-image: url('https:\/\/bejerman.barrioscomputacion.com.ar\/wp-content\/uploads\/2026\/03\/post-erp-digital.png')\"><\/div>\n\t\t\t\t<\/div>\n\t\t\t\t<div class=\"upl-author\"><img decoding=\"async\" src=\"https:\/\/secure.gravatar.com\/avatar\/da1d0ad123927276d60b5eed85e862e112a921e33695077e82cdcb3013226e38?s=96&d=mm&r=g\"><\/div>\n\t\t\t\t<div class=\"upl-title bm_title\"><a href=\"https:\/\/bejerman.barrioscomputacion.com.ar\/?p=3965\" rel=\"bookmark\">Que tu ERP no sea una isla.\u00a0Convertilo en el centro de tu&hellip;<\/a><\/div>\t\t\t\t\t<div class=\"upl-cat-date bm_meta\">\n\t\t\t\t\t\tBarrios Computaci\u00f3n - Bejerman | 30\/03\/2026 \t\t\t\t\t<\/div>\n\t\t\t\t\t\t\t<\/div>\n\t\t\t\n\t\t\t\t\t\t<div class=\"upl-right-section\">\n\t\t\t\t<div class=\"upl-top bm_content_box\">\n\t\t\t\t\t<div class=\"bm-post-image clearfix bm-hover-effect bm-hover-effect-blur\">\n\t\t\t\t\t\t<div class=\"upl-image\" style=\"background-image: url('https:\/\/bejerman.barrioscomputacion.com.ar\/wp-content\/uploads\/2026\/03\/1-1.png')\"><\/div>\n\t\t\t\t\t<\/div>\n\t\t\t\t\t<div class=\"upl-author\">\n\t\t\t\t\t\t<img decoding=\"async\" src=\"https:\/\/secure.gravatar.com\/avatar\/da1d0ad123927276d60b5eed85e862e112a921e33695077e82cdcb3013226e38?s=96&d=mm&r=g\">\n\t\t\t\t\t<\/div>\n\t\t\t\t\t<div class=\"upl-title bm_title\"><a href=\"https:\/\/bejerman.barrioscomputacion.com.ar\/?p=3957\" rel=\"bookmark\">Automatiz\u00e1 tu Conciliaci\u00f3n Bancaria con la IA de ONVIO<\/a><\/div>\t\t\t\t\t\t<div class=\"upl-cat-date bm_meta\">\n\t\t\t\t\t\tBarrios Computaci\u00f3n - Bejerman | 27\/03\/2026 \t\t\t\t\t\t<\/div>\n\t\t\t\t\t\t\t\t\t<\/div>\n\t\t\t\t\t\t\t<div class=\"upl-bottom bm_content_box\">\n\t\t\t\t\t<div class=\"bm-post-image clearfix bm-hover-effect bm-hover-effect-blur\">\n\t\t\t\t\t\t<div class=\"upl-image\" style=\"background-image: url('https:\/\/bejerman.barrioscomputacion.com.ar\/wp-content\/uploads\/2026\/03\/1.png')\"><\/div>\n\t\t\t\t\t<\/div>\n\t\t\t\t\t<div class=\"upl-author\">\n\t\t\t\t\t\t<img decoding=\"async\" src=\"https:\/\/secure.gravatar.com\/avatar\/da1d0ad123927276d60b5eed85e862e112a921e33695077e82cdcb3013226e38?s=96&d=mm&r=g\">\n\t\t\t\t\t<\/div>\n\t\t\t\t\t<div class=\"upl-title bm_title\"><a href=\"https:\/\/bejerman.barrioscomputacion.com.ar\/?p=3948\" rel=\"bookmark\">Bejerman Sueldos:\u00a0migr\u00e1 a la versi\u00f3n online hoy.<\/a><\/div>\t\t\t\t\t\t<div class=\"upl-cat-date bm_meta\">\n\t\t\t\t\t\tBarrios Computaci\u00f3n - Bejerman | 19\/03\/2026 \t\t\t\t\t\t<\/div>\n\t\t\t\t\t\t\t\t\t<\/div>\n\t\t\t\t\t\t<\/div>\n\t\t<\/div>\n\t<\/div>\n\n\t<div class=\"upl-second-section\">\n\t\t\t\t\t<div class=\"upl-second bm_content_box\">\n\t\t\t\t<div class=\"bm-post-image clearfix bm-hover-effect bm-hover-effect-blur\">\n\t\t\t\t\t<div class=\"upl-image\" style=\"background-image: url('https:\/\/bejerman.barrioscomputacion.com.ar\/wp-content\/uploads\/2026\/03\/ccfda52f-15a0-40df-bff5-1884a2dcd3fa_header_mail_2.png')\"><\/div>\n\t\t\t\t<\/div>\n\t\t\t\t<div class=\"upl-author\">\n\t\t\t\t\t<img decoding=\"async\" src=\"https:\/\/secure.gravatar.com\/avatar\/da1d0ad123927276d60b5eed85e862e112a921e33695077e82cdcb3013226e38?s=96&d=mm&r=g\">\n\t\t\t\t<\/div>\n\t\t\t\t<div class=\"upl-title bm_title\"><a href=\"https:\/\/bejerman.barrioscomputacion.com.ar\/?p=3936\" rel=\"bookmark\">Carga masiva de comprobantes con IA<\/a><\/div>\t\t\t\t\t<div class=\"upl-cat-date bm_meta\">Barrios Computaci\u00f3n - Bejerman | 04\/03\/2026 \t\t\t\t\t<\/div>\n\t\t\t\t\t\t\t<\/div>\n\t\t\t\t\t<div class=\"upl-second bm_content_box\">\n\t\t\t\t<div class=\"bm-post-image clearfix bm-hover-effect bm-hover-effect-blur\">\n\t\t\t\t\t<div class=\"upl-image\" style=\"background-image: url('https:\/\/bejerman.barrioscomputacion.com.ar\/wp-content\/uploads\/2026\/03\/Post-de-Instagram-Tendencias-Inteligencia-Artificial-Ilustracion-Gris-y-Azul.png')\"><\/div>\n\t\t\t\t<\/div>\n\t\t\t\t<div class=\"upl-author\">\n\t\t\t\t\t<img decoding=\"async\" src=\"https:\/\/secure.gravatar.com\/avatar\/da1d0ad123927276d60b5eed85e862e112a921e33695077e82cdcb3013226e38?s=96&d=mm&r=g\">\n\t\t\t\t<\/div>\n\t\t\t\t<div class=\"upl-title bm_title\"><a href=\"https:\/\/bejerman.barrioscomputacion.com.ar\/?p=3931\" rel=\"bookmark\">Carg\u00e1 comprobantes con IA y ahorr\u00e1 recursos<\/a><\/div>\t\t\t\t\t<div class=\"upl-cat-date bm_meta\">Barrios Computaci\u00f3n - Bejerman | 04\/03\/2026 \t\t\t\t\t<\/div>\n\t\t\t\t\t\t\t<\/div>\n\t\t\t\t\t<div class=\"upl-second bm_content_box\">\n\t\t\t\t<div class=\"bm-post-image clearfix bm-hover-effect bm-hover-effect-blur\">\n\t\t\t\t\t<div class=\"upl-image\" style=\"background-image: url('https:\/\/bejerman.barrioscomputacion.com.ar\/wp-content\/uploads\/2026\/01\/61449b94-ffad-478a-816a-59bd858d5659_cab-promo-f3.jpg')\"><\/div>\n\t\t\t\t<\/div>\n\t\t\t\t<div class=\"upl-author\">\n\t\t\t\t\t<img decoding=\"async\" src=\"https:\/\/secure.gravatar.com\/avatar\/da1d0ad123927276d60b5eed85e862e112a921e33695077e82cdcb3013226e38?s=96&d=mm&r=g\">\n\t\t\t\t<\/div>\n\t\t\t\t<div class=\"upl-title bm_title\"><a href=\"https:\/\/bejerman.barrioscomputacion.com.ar\/?p=3910\" rel=\"bookmark\">Transform\u00e1 tu Pyme con Bejerman al precio de 2025<\/a><\/div>\t\t\t\t\t<div class=\"upl-cat-date bm_meta\">Barrios Computaci\u00f3n - Bejerman | 21\/01\/2026 \t\t\t\t\t<\/div>\n\t\t\t\t\t\t\t<\/div>\n\t\t\t<\/div>\n\t\t\t<div class=\"bm-pagination pagination_style_1\">\n\t\t\t\t<span aria-current=\"page\" class=\"page-numbers current\">1<\/span>\n<a class=\"page-numbers\" href=\"https:\/\/bejerman.barrioscomputacion.com.ar\/index.php#038;paged=2\">2<\/a>\n<span class=\"page-numbers dots\">&hellip;<\/span>\n<a class=\"page-numbers\" href=\"https:\/\/bejerman.barrioscomputacion.com.ar\/index.php#038;paged=40\">40<\/a>\n<a class=\"page-numbers\" href=\"https:\/\/bejerman.barrioscomputacion.com.ar\/index.php#038;paged=41\">41<\/a>\n<a class=\"next page-numbers\" href=\"https:\/\/bejerman.barrioscomputacion.com.ar\/index.php#038;paged=2\">  <i><\/i><\/a>\t\t\t<\/div>\n\t\t\t\t\t\t<\/div>\n\t\t\t\t<\/div>\n\t\t\t\t\t<\/div>\n\t\t<\/div>\n\t\t\t\t\t<\/div>\n\t\t<\/section>\n\t\t\t\t<\/div>\n\t\t","protected":false},"excerpt":{"rendered":"<p>CONECTA 2024: Gesti\u00f3n del cambio y tecnolog\u00eda en la profesi\u00f3n contable. Barrios Computaci\u00f3n &#8211; Bejerman | 15\/04\/2024 Sum\u00e1 a Bejerman Sueldos los M\u00f3dulos RH Portal y e-Recibo con 50% OFF por 3&hellip; Barrios Computaci\u00f3n &#8211; Bejerman | 15\/03\/2024 SUELDO SAAS: La forma de liquidar sueldos en casa y dejar de pagar a terceros Barrios Computaci\u00f3n [&hellip;]<\/p>\n","protected":false},"author":1,"featured_media":0,"parent":0,"menu_order":0,"comment_status":"closed","ping_status":"closed","template":"elementor_header_footer","meta":{"site-sidebar-layout":"no-sidebar","site-content-layout":"page-builder","ast-site-content-layout":"default","site-content-style":"default","site-sidebar-style":"default","ast-global-header-display":"","ast-banner-title-visibility":"","ast-main-header-display":"","ast-hfb-above-header-display":"","ast-hfb-below-header-display":"","ast-hfb-mobile-header-display":"","site-post-title":"disabled","ast-breadcrumbs-content":"","ast-featured-img":"disabled","footer-sml-layout":"","ast-disable-related-posts":"","theme-transparent-header-meta":"","adv-header-id-meta":"","stick-header-meta":"","header-above-stick-meta":"","header-main-stick-meta":"","header-below-stick-meta":"","astra-migrate-meta-layouts":"default","ast-page-background-enabled":"default","ast-page-background-meta":{"desktop":{"background-color":"var(--ast-global-color-4)","background-image":"","background-repeat":"repeat","background-position":"center center","background-size":"auto","background-attachment":"scroll","background-type":"","background-media":"","overlay-type":"","overlay-color":"","overlay-opacity":"","overlay-gradient":""},"tablet":{"background-color":"","background-image":"","background-repeat":"repeat","background-position":"center center","background-size":"auto","background-attachment":"scroll","background-type":"","background-media":"","overlay-type":"","overlay-color":"","overlay-opacity":"","overlay-gradient":""},"mobile":{"background-color":"","background-image":"","background-repeat":"repeat","background-position":"center center","background-size":"auto","background-attachment":"scroll","background-type":"","background-media":"","overlay-type":"","overlay-color":"","overlay-opacity":"","overlay-gradient":""}},"ast-content-background-meta":{"desktop":{"background-color":"var(--ast-global-color-5)","background-image":"","background-repeat":"repeat","background-position":"center center","background-size":"auto","background-attachment":"scroll","background-type":"","background-media":"","overlay-type":"","overlay-color":"","overlay-opacity":"","overlay-gradient":""},"tablet":{"background-color":"var(--ast-global-color-5)","background-image":"","background-repeat":"repeat","background-position":"center center","background-size":"auto","background-attachment":"scroll","background-type":"","background-media":"","overlay-type":"","overlay-color":"","overlay-opacity":"","overlay-gradient":""},"mobile":{"background-color":"var(--ast-global-color-5)","background-image":"","background-repeat":"repeat","background-position":"center center","background-size":"auto","background-attachment":"scroll","background-type":"","background-media":"","overlay-type":"","overlay-color":"","overlay-opacity":"","overlay-gradient":""}},"_joinchat":[],"footnotes":""},"class_list":["post-2432","page","type-page","status-publish","hentry"],"jetpack_sharing_enabled":true,"jetpack_shortlink":"https:\/\/wp.me\/Pe42eO-De","jetpack_likes_enabled":true,"jetpack-related-posts":[],"_links":{"self":[{"href":"https:\/\/bejerman.barrioscomputacion.com.ar\/index.php?rest_route=\/wp\/v2\/pages\/2432","targetHints":{"allow":["GET"]}}],"collection":[{"href":"https:\/\/bejerman.barrioscomputacion.com.ar\/index.php?rest_route=\/wp\/v2\/pages"}],"about":[{"href":"https:\/\/bejerman.barrioscomputacion.com.ar\/index.php?rest_route=\/wp\/v2\/types\/page"}],"author":[{"embeddable":true,"href":"https:\/\/bejerman.barrioscomputacion.com.ar\/index.php?rest_route=\/wp\/v2\/users\/1"}],"replies":[{"embeddable":true,"href":"https:\/\/bejerman.barrioscomputacion.com.ar\/index.php?rest_route=%2Fwp%2Fv2%2Fcomments&post=2432"}],"version-history":[{"count":22,"href":"https:\/\/bejerman.barrioscomputacion.com.ar\/index.php?rest_route=\/wp\/v2\/pages\/2432\/revisions"}],"predecessor-version":[{"id":3539,"href":"https:\/\/bejerman.barrioscomputacion.com.ar\/index.php?rest_route=\/wp\/v2\/pages\/2432\/revisions\/3539"}],"wp:attachment":[{"href":"https:\/\/bejerman.barrioscomputacion.com.ar\/index.php?rest_route=%2Fwp%2Fv2%2Fmedia&parent=2432"}],"curies":[{"name":"wp","href":"https:\/\/api.w.org\/{rel}","templated":true}]}}